{"id":254,"date":"2025-04-11T06:12:00","date_gmt":"2025-04-11T04:12:00","guid":{"rendered":"http:\/\/energia.com.pl\/?page_id=254"},"modified":"2025-04-15T00:09:25","modified_gmt":"2025-04-14T22:09:25","slug":"wentylacja","status":"publish","type":"page","link":"http:\/\/energia.com.pl\/?page_id=254","title":{"rendered":"Wentylacja"},"content":{"rendered":"<p>[et_pb_section fb_built=&#8221;1&#8243; _builder_version=&#8221;4.27.4&#8243; _module_preset=&#8221;default&#8221; background_color=&#8221;#FFFFFF&#8221; use_background_color_gradient=&#8221;on&#8221; background_color_gradient_stops=&#8221;rgba(0,0,0,0.4) 0%|rgba(0,0,0,0.4) 100%&#8221; background_color_gradient_overlays_image=&#8221;on&#8221; background_color_gradient_start=&#8221;rgba(0,0,0,0.4)&#8221; background_color_gradient_end=&#8221;rgba(0,0,0,0.4)&#8221; background_image=&#8221;http:\/\/energia.com.pl\/wp-content\/uploads\/2025\/03\/banner-vent.png&#8221; background_position=&#8221;top_center&#8221; custom_margin=&#8221;||||false|false&#8221; custom_padding=&#8221;74px||74px||true|false&#8221; collapsed=&#8221;on&#8221; global_colors_info=&#8221;{}&#8221;][et_pb_row column_structure=&#8221;1_2,1_2&#8243; _builder_version=&#8221;4.16&#8243; _module_preset=&#8221;default&#8221; width=&#8221;95%&#8221; width_tablet=&#8221;90%&#8221; width_phone=&#8221;85%&#8221; width_last_edited=&#8221;on|tablet&#8221; max_width=&#8221;1220px&#8221; max_width_tablet=&#8221;1220px&#8221; max_width_phone=&#8221;1220px&#8221; max_width_last_edited=&#8221;on|desktop&#8221; custom_padding=&#8221;25px||25px||true|false&#8221; global_colors_info=&#8221;{}&#8221;][et_pb_column type=&#8221;1_2&#8243; _builder_version=&#8221;4.16&#8243; _module_preset=&#8221;default&#8221; global_colors_info=&#8221;{}&#8221;][et_pb_text _builder_version=&#8221;4.27.4&#8243; _module_preset=&#8221;default&#8221; header_font=&#8221;DM Sans|700|||||||&#8221; header_text_color=&#8221;#FFFFFF&#8221; header_font_size=&#8221;46px&#8221; header_line_height=&#8221;1.1em&#8221; max_width=&#8221;600px&#8221; header_font_size_tablet=&#8221;60px&#8221; header_font_size_phone=&#8221;45px&#8221; header_font_size_last_edited=&#8221;on|phone&#8221; global_colors_info=&#8221;{}&#8221;]<\/p>\n<h1 class=\"separator_off\">Wentylacja<\/h1>\n<p>[\/et_pb_text][et_pb_text _builder_version=&#8221;4.27.4&#8243; _module_preset=&#8221;default&#8221; header_6_font=&#8221;DM Sans|500|||||||&#8221; header_6_text_color=&#8221;#FFFFFF&#8221; header_6_font_size=&#8221;18px&#8221; header_6_line_height=&#8221;1.8em&#8221; global_colors_info=&#8221;{}&#8221;]<\/p>\n<header class=\"kd-section-title col-lg-12 text-left subtitle-below-title kd-animated fadeIn vc_custom_1601559632771 kd-animate\" data-animation-delay=\"200\">\n<h6 class=\"subtitle\">Wykonujemy nowoczesne instalacje wentylacyjne dla obiekt\u00f3w prywatnych i komercyjnych. Oferujemy rozwi\u0105zania dostosowane do indywidualnych potrzeb klient\u00f3w<\/h6>\n<\/header>\n<div class=\"video-container play-button-left big-video-btn kd-animated zoomIn kd-animate\" data-animation-delay=\"200\"><\/div>\n<p>[\/et_pb_text][et_pb_button button_text=&#8221;Kontakt&#8221; _builder_version=&#8221;4.27.4&#8243; _module_preset=&#8221;default&#8221; custom_button=&#8221;on&#8221; button_text_color=&#8221;#FFFFFF&#8221; button_bg_color=&#8221;gcid-e1cdb650-af2f-4e28-a4c3-482f0a579a4a&#8221; button_border_width=&#8221;0px&#8221; button_font=&#8221;DM Sans|700|||||||&#8221; button_use_icon=&#8221;off&#8221; custom_padding=&#8221;15px|22px|15px|22px|true|true&#8221; hover_enabled=&#8221;0&#8243; global_colors_info=&#8221;{%22gcid-e1cdb650-af2f-4e28-a4c3-482f0a579a4a%22:%91%22button_bg_color%22%93}&#8221; button_url=&#8221;@ET-DC@eyJkeW5hbWljIjp0cnVlLCJjb250ZW50IjoicG9zdF9saW5rX3VybF9wYWdlIiwic2V0dGluZ3MiOnsicG9zdF9pZCI6IjIyNiJ9fQ==@&#8221; _dynamic_attributes=&#8221;button_url&#8221; sticky_enabled=&#8221;0&#8243;][\/et_pb_button][\/et_pb_column][et_pb_column type=&#8221;1_2&#8243; _builder_version=&#8221;4.16&#8243; _module_preset=&#8221;default&#8221; global_colors_info=&#8221;{}&#8221;][\/et_pb_column][\/et_pb_row][\/et_pb_section][et_pb_section fb_built=&#8221;1&#8243; _builder_version=&#8221;4.16&#8243; _module_preset=&#8221;default&#8221; background_color=&#8221;#FFFFFF&#8221; collapsed=&#8221;on&#8221; global_colors_info=&#8221;{}&#8221;][et_pb_row column_structure=&#8221;3_5,2_5&#8243; custom_padding_last_edited=&#8221;on|tablet&#8221; _builder_version=&#8221;4.16&#8243; _module_preset=&#8221;default&#8221; width=&#8221;100%&#8221; max_width=&#8221;1300px&#8221; max_width_tablet=&#8221;1300px&#8221; max_width_phone=&#8221;1300px&#8221; max_width_last_edited=&#8221;on|desktop&#8221; custom_padding_tablet=&#8221;|30px||30px|false|true&#8221; custom_padding_phone=&#8221;|30px||30px|false|true&#8221; global_colors_info=&#8221;{}&#8221;][et_pb_column type=&#8221;3_5&#8243; _builder_version=&#8221;4.16&#8243; _module_preset=&#8221;default&#8221; custom_padding=&#8221;20px||||false|false&#8221; global_colors_info=&#8221;{}&#8221;][et_pb_text _builder_version=&#8221;4.27.4&#8243; _module_preset=&#8221;default&#8221; header_font=&#8221;DM Sans|700|||||||&#8221; header_text_align=&#8221;left&#8221; header_text_color=&#8221;gcid-891d5f33-7753-4e2a-b876-0ebadfc1712d&#8221; header_font_size=&#8221;32px&#8221; header_line_height=&#8221;1.3em&#8221; width_tablet=&#8221;85%&#8221; width_phone=&#8221;&#8221; width_last_edited=&#8221;on|tablet&#8221; animation_style=&#8221;slide&#8221; animation_direction=&#8221;left&#8221; animation_intensity_slide=&#8221;3%&#8221; header_text_align_tablet=&#8221;center&#8221; header_text_align_phone=&#8221;&#8221; header_text_align_last_edited=&#8221;on|tablet&#8221; module_alignment_tablet=&#8221;center&#8221; module_alignment_phone=&#8221;&#8221; module_alignment_last_edited=&#8221;on|tablet&#8221; locked=&#8221;off&#8221; global_colors_info=&#8221;{%22gcid-891d5f33-7753-4e2a-b876-0ebadfc1712d%22:%91%22header_text_color%22%93}&#8221;]<\/p>\n<h1>W naszej ofercie znajduj\u0105 si\u0119:<\/h1>\n<p>[\/et_pb_text][et_pb_blurb title=&#8221;Instalacje wentylacyjne obiekt\u00f3w prywatnych i komercyjnych&#8221; use_icon=&#8221;on&#8221; font_icon=&#8221;&#xf508;||fa||900&#8243; icon_color=&#8221;gcid-dc226737-09e1-445d-b5ad-b08ceb859713&#8243; icon_placement=&#8221;left&#8221; _builder_version=&#8221;4.27.4&#8243; _module_preset=&#8221;default&#8221; header_font=&#8221;DM Sans|700|||||||&#8221; header_text_color=&#8221;gcid-891d5f33-7753-4e2a-b876-0ebadfc1712d&#8221; header_font_size=&#8221;20px&#8221; body_font=&#8221;DM Sans|500|||||||&#8221; body_text_color=&#8221;gcid-2b4b8a70-fc2c-4a32-aca1-ae89d5ff1f6f&#8221; body_font_size=&#8221;17px&#8221; module_alignment=&#8221;left&#8221; custom_margin=&#8221;||50px|-150px|false|false&#8221; custom_margin_tablet=&#8221;||50px|100px|false|false&#8221; custom_margin_phone=&#8221;||50px|-10px|false|false&#8221; custom_margin_last_edited=&#8221;on|desktop&#8221; animation=&#8221;off&#8221; custom_css_blurb_image=&#8221;width: 50px;&#8221; global_colors_info=&#8221;{%22gcid-891d5f33-7753-4e2a-b876-0ebadfc1712d%22:%91%22header_text_color%22,%22header_text_color%22%93,%22gcid-dc226737-09e1-445d-b5ad-b08ceb859713%22:%91%22icon_color%22,%22icon_color%22%93,%22gcid-2b4b8a70-fc2c-4a32-aca1-ae89d5ff1f6f%22:%91%22body_text_color%22%93}&#8221;][\/et_pb_blurb][et_pb_blurb title=&#8221;Wentylacja z rekuperacj\u0105 (odzyskiem ciep\u0142a)&#8221; use_icon=&#8221;on&#8221; font_icon=&#8221;&#xf7c6;||fa||400&#8243; icon_color=&#8221;gcid-dc226737-09e1-445d-b5ad-b08ceb859713&#8243; icon_placement=&#8221;left&#8221; _builder_version=&#8221;4.27.4&#8243; _module_preset=&#8221;default&#8221; header_font=&#8221;DM Sans|700|||||||&#8221; header_text_color=&#8221;gcid-891d5f33-7753-4e2a-b876-0ebadfc1712d&#8221; header_font_size=&#8221;20px&#8221; body_font=&#8221;DM Sans|500|||||||&#8221; body_text_color=&#8221;gcid-2b4b8a70-fc2c-4a32-aca1-ae89d5ff1f6f&#8221; body_font_size=&#8221;17px&#8221; module_alignment=&#8221;left&#8221; custom_margin=&#8221;||50px|-150px|false|false&#8221; custom_margin_tablet=&#8221;||50px|100px|false|false&#8221; custom_margin_phone=&#8221;||50px|-10px|false|false&#8221; custom_margin_last_edited=&#8221;on|desktop&#8221; custom_css_blurb_image=&#8221;width: 50px;&#8221; global_colors_info=&#8221;{%22gcid-891d5f33-7753-4e2a-b876-0ebadfc1712d%22:%91%22header_text_color%22%93,%22gcid-dc226737-09e1-445d-b5ad-b08ceb859713%22:%91%22icon_color%22%93,%22gcid-2b4b8a70-fc2c-4a32-aca1-ae89d5ff1f6f%22:%91%22body_text_color%22%93}&#8221;][\/et_pb_blurb][et_pb_blurb title=&#8221;Centrale wentylacyjne z odzyskiem ciep\u0142a&#8221; use_icon=&#8221;on&#8221; font_icon=&#8221;&#xf275;||fa||900&#8243; icon_color=&#8221;gcid-dc226737-09e1-445d-b5ad-b08ceb859713&#8243; icon_placement=&#8221;left&#8221; _builder_version=&#8221;4.27.4&#8243; _module_preset=&#8221;default&#8221; header_font=&#8221;DM Sans|700|||||||&#8221; header_text_color=&#8221;gcid-891d5f33-7753-4e2a-b876-0ebadfc1712d&#8221; header_font_size=&#8221;20px&#8221; body_font=&#8221;DM Sans|500|||||||&#8221; body_text_color=&#8221;gcid-2b4b8a70-fc2c-4a32-aca1-ae89d5ff1f6f&#8221; body_font_size=&#8221;17px&#8221; module_alignment=&#8221;left&#8221; custom_margin=&#8221;||50px|-150px|false|false&#8221; custom_margin_tablet=&#8221;||50px|100px|false|false&#8221; custom_margin_phone=&#8221;||50px|-10px|false|false&#8221; custom_margin_last_edited=&#8221;on|desktop&#8221; custom_css_blurb_image=&#8221;width: 50px;&#8221; global_colors_info=&#8221;{%22gcid-891d5f33-7753-4e2a-b876-0ebadfc1712d%22:%91%22header_text_color%22,%22header_text_color%22%93,%22gcid-2b4b8a70-fc2c-4a32-aca1-ae89d5ff1f6f%22:%91%22body_text_color%22%93,%22gcid-dc226737-09e1-445d-b5ad-b08ceb859713%22:%91%22icon_color%22%93}&#8221;][\/et_pb_blurb][\/et_pb_column][et_pb_column type=&#8221;2_5&#8243; _builder_version=&#8221;4.16&#8243; _module_preset=&#8221;default&#8221; custom_padding=&#8221;40px||||false|false&#8221; custom_padding_tablet=&#8221;&#8221; custom_padding_phone=&#8221;&#8221; custom_padding_last_edited=&#8221;on|desktop&#8221; global_colors_info=&#8221;{}&#8221;][et_pb_image src=&#8221;http:\/\/energia.com.pl\/wp-content\/uploads\/2025\/04\/erv-czer.jpg&#8221; title_text=&#8221;erv-czer&#8221; align=&#8221;center&#8221; _builder_version=&#8221;4.27.4&#8243; _module_preset=&#8221;default&#8221; hover_enabled=&#8221;0&#8243; border_radii=&#8221;on|5px|5px|5px|5px&#8221; box_shadow_style=&#8221;preset4&#8243; box_shadow_color=&#8221;gcid-e1cdb650-af2f-4e28-a4c3-482f0a579a4a&#8221; global_colors_info=&#8221;{%22gcid-e1cdb650-af2f-4e28-a4c3-482f0a579a4a%22:%91%22box_shadow_color%22%93}&#8221; sticky_enabled=&#8221;0&#8243; transform_scale=&#8221;140%|140%&#8221;][\/et_pb_image][\/et_pb_column][\/et_pb_row][\/et_pb_section][et_pb_section fb_built=&#8221;1&#8243; _builder_version=&#8221;4.16&#8243; _module_preset=&#8221;default&#8221; background_color=&#8221;RGBA(0,0,0,0)&#8221; custom_margin=&#8221;-100px||||false|false&#8221; collapsed=&#8221;on&#8221; global_colors_info=&#8221;{}&#8221;][et_pb_row _builder_version=&#8221;4.16&#8243; _module_preset=&#8221;default&#8221; custom_padding=&#8221;0px||0px||true|false&#8221; global_colors_info=&#8221;{}&#8221;][et_pb_column type=&#8221;4_4&#8243; _builder_version=&#8221;4.16&#8243; _module_preset=&#8221;default&#8221; global_colors_info=&#8221;{}&#8221;][et_pb_code _builder_version=&#8221;4.16&#8243; _module_preset=&#8221;default&#8221; global_colors_info=&#8221;{}&#8221;]<\/p>\n<style><!-- [et_pb_line_break_holder] -->.column-hover:hover .title-hover {<!-- [et_pb_line_break_holder] -->color: #f9b806 !important;<!-- [et_pb_line_break_holder] -->}<!-- [et_pb_line_break_holder] --><\/style>\n<p>[\/et_pb_code][\/et_pb_column][\/et_pb_row][\/et_pb_section]<\/p>\n","protected":false},"excerpt":{"rendered":"<p>Wentylacja Wykonujemy nowoczesne instalacje wentylacyjne dla obiekt\u00f3w prywatnych i komercyjnych. Oferujemy rozwi\u0105zania dostosowane do indywidualnych potrzeb klient\u00f3w W naszej ofercie znajduj\u0105 si\u0119:<\/p>\n","protected":false},"author":1,"featured_media":0,"parent":0,"menu_order":0,"comment_status":"closed","ping_status":"closed","template":"","meta":{"_et_pb_use_builder":"on","_et_pb_old_content":"","_et_gb_content_width":"","footnotes":""},"class_list":["post-254","page","type-page","status-publish","hentry"],"yoast_head":"<!-- This site is optimized with the Yoast SEO plugin v24.6 - https:\/\/yoast.com\/wordpress\/plugins\/seo\/ -->\n<title>Wentylacja - Energia Sp. z o.o.<\/title>\n<meta name=\"robots\" content=\"index, follow, max-snippet:-1, max-image-preview:large, max-video-preview:-1\" \/>\n<link rel=\"canonical\" href=\"https:\/\/energia.com.pl\/?page_id=254\" \/>\n<meta property=\"og:locale\" content=\"pl_PL\" \/>\n<meta property=\"og:type\" content=\"article\" \/>\n<meta property=\"og:title\" content=\"Wentylacja - Energia Sp. z o.o.\" \/>\n<meta property=\"og:description\" content=\"Wentylacja Wykonujemy nowoczesne instalacje wentylacyjne dla obiekt\u00f3w prywatnych i komercyjnych. Oferujemy rozwi\u0105zania dostosowane do indywidualnych potrzeb klient\u00f3w W naszej ofercie znajduj\u0105 si\u0119:\" \/>\n<meta property=\"og:url\" content=\"https:\/\/energia.com.pl\/?page_id=254\" \/>\n<meta property=\"og:site_name\" content=\"Energia Sp. z o.o.\" \/>\n<meta property=\"article:modified_time\" content=\"2025-04-14T22:09:25+00:00\" \/>\n<meta name=\"twitter:card\" content=\"summary_large_image\" \/>\n<script type=\"application\/ld+json\" class=\"yoast-schema-graph\">{\"@context\":\"https:\/\/schema.org\",\"@graph\":[{\"@type\":\"WebPage\",\"@id\":\"https:\/\/energia.com.pl\/?page_id=254\",\"url\":\"https:\/\/energia.com.pl\/?page_id=254\",\"name\":\"Wentylacja - Energia Sp. z o.o.\",\"isPartOf\":{\"@id\":\"http:\/\/energia.com.pl\/#website\"},\"datePublished\":\"2025-04-11T04:12:00+00:00\",\"dateModified\":\"2025-04-14T22:09:25+00:00\",\"breadcrumb\":{\"@id\":\"https:\/\/energia.com.pl\/?page_id=254#breadcrumb\"},\"inLanguage\":\"pl-PL\",\"potentialAction\":[{\"@type\":\"ReadAction\",\"target\":[\"https:\/\/energia.com.pl\/?page_id=254\"]}]},{\"@type\":\"BreadcrumbList\",\"@id\":\"https:\/\/energia.com.pl\/?page_id=254#breadcrumb\",\"itemListElement\":[{\"@type\":\"ListItem\",\"position\":1,\"name\":\"Home\",\"item\":\"http:\/\/energia.com.pl\/\"},{\"@type\":\"ListItem\",\"position\":2,\"name\":\"Wentylacja\"}]},{\"@type\":\"WebSite\",\"@id\":\"http:\/\/energia.com.pl\/#website\",\"url\":\"http:\/\/energia.com.pl\/\",\"name\":\"Energia Sp. z o.o.\",\"description\":\"Wentylacja Klimatyzacja\",\"potentialAction\":[{\"@type\":\"SearchAction\",\"target\":{\"@type\":\"EntryPoint\",\"urlTemplate\":\"http:\/\/energia.com.pl\/?s={search_term_string}\"},\"query-input\":{\"@type\":\"PropertyValueSpecification\",\"valueRequired\":true,\"valueName\":\"search_term_string\"}}],\"inLanguage\":\"pl-PL\"}]}<\/script>\n<!-- \/ Yoast SEO plugin. -->","yoast_head_json":{"title":"Wentylacja - Energia Sp. z o.o.","robots":{"index":"index","follow":"follow","max-snippet":"max-snippet:-1","max-image-preview":"max-image-preview:large","max-video-preview":"max-video-preview:-1"},"canonical":"https:\/\/energia.com.pl\/?page_id=254","og_locale":"pl_PL","og_type":"article","og_title":"Wentylacja - Energia Sp. z o.o.","og_description":"Wentylacja Wykonujemy nowoczesne instalacje wentylacyjne dla obiekt\u00f3w prywatnych i komercyjnych. Oferujemy rozwi\u0105zania dostosowane do indywidualnych potrzeb klient\u00f3w W naszej ofercie znajduj\u0105 si\u0119:","og_url":"https:\/\/energia.com.pl\/?page_id=254","og_site_name":"Energia Sp. z o.o.","article_modified_time":"2025-04-14T22:09:25+00:00","twitter_card":"summary_large_image","schema":{"@context":"https:\/\/schema.org","@graph":[{"@type":"WebPage","@id":"https:\/\/energia.com.pl\/?page_id=254","url":"https:\/\/energia.com.pl\/?page_id=254","name":"Wentylacja - Energia Sp. z o.o.","isPartOf":{"@id":"http:\/\/energia.com.pl\/#website"},"datePublished":"2025-04-11T04:12:00+00:00","dateModified":"2025-04-14T22:09:25+00:00","breadcrumb":{"@id":"https:\/\/energia.com.pl\/?page_id=254#breadcrumb"},"inLanguage":"pl-PL","potentialAction":[{"@type":"ReadAction","target":["https:\/\/energia.com.pl\/?page_id=254"]}]},{"@type":"BreadcrumbList","@id":"https:\/\/energia.com.pl\/?page_id=254#breadcrumb","itemListElement":[{"@type":"ListItem","position":1,"name":"Home","item":"http:\/\/energia.com.pl\/"},{"@type":"ListItem","position":2,"name":"Wentylacja"}]},{"@type":"WebSite","@id":"http:\/\/energia.com.pl\/#website","url":"http:\/\/energia.com.pl\/","name":"Energia Sp. z o.o.","description":"Wentylacja Klimatyzacja","potentialAction":[{"@type":"SearchAction","target":{"@type":"EntryPoint","urlTemplate":"http:\/\/energia.com.pl\/?s={search_term_string}"},"query-input":{"@type":"PropertyValueSpecification","valueRequired":true,"valueName":"search_term_string"}}],"inLanguage":"pl-PL"}]}},"_links":{"self":[{"href":"http:\/\/energia.com.pl\/index.php?rest_route=\/wp\/v2\/pages\/254","targetHints":{"allow":["GET"]}}],"collection":[{"href":"http:\/\/energia.com.pl\/index.php?rest_route=\/wp\/v2\/pages"}],"about":[{"href":"http:\/\/energia.com.pl\/index.php?rest_route=\/wp\/v2\/types\/page"}],"author":[{"embeddable":true,"href":"http:\/\/energia.com.pl\/index.php?rest_route=\/wp\/v2\/users\/1"}],"replies":[{"embeddable":true,"href":"http:\/\/energia.com.pl\/index.php?rest_route=%2Fwp%2Fv2%2Fcomments&post=254"}],"version-history":[{"count":3,"href":"http:\/\/energia.com.pl\/index.php?rest_route=\/wp\/v2\/pages\/254\/revisions"}],"predecessor-version":[{"id":293,"href":"http:\/\/energia.com.pl\/index.php?rest_route=\/wp\/v2\/pages\/254\/revisions\/293"}],"wp:attachment":[{"href":"http:\/\/energia.com.pl\/index.php?rest_route=%2Fwp%2Fv2%2Fmedia&parent=254"}],"curies":[{"name":"wp","href":"https:\/\/api.w.org\/{rel}","templated":true}]}}