{"id":261,"date":"2025-04-11T06:14:46","date_gmt":"2025-04-11T04:14:46","guid":{"rendered":"http:\/\/energia.com.pl\/?page_id=261"},"modified":"2025-04-15T00:20:53","modified_gmt":"2025-04-14T22:20:53","slug":"realizacje","status":"publish","type":"page","link":"http:\/\/energia.com.pl\/?page_id=261","title":{"rendered":"Realizacje"},"content":{"rendered":"<p>[et_pb_section fb_built=&#8221;1&#8243; _builder_version=&#8221;4.27.4&#8243; _module_preset=&#8221;default&#8221; use_background_color_gradient=&#8221;on&#8221; background_color_gradient_stops=&#8221;rgba(0,0,0,0.2) 0%|rgba(0,0,0,0.2) 100%&#8221; background_color_gradient_overlays_image=&#8221;on&#8221; background_color_gradient_start=&#8221;rgba(0,0,0,0.2)&#8221; background_color_gradient_end=&#8221;rgba(0,0,0,0.2)&#8221; background_image=&#8221;http:\/\/energia.com.pl\/wp-content\/uploads\/2025\/04\/dvm_s2_outdoor_city3.jpg&#8221; background_position=&#8221;bottom_center&#8221; custom_padding=&#8221;108px||108px||true|&#8221; hover_enabled=&#8221;0&#8243; collapsed=&#8221;on&#8221; global_colors_info=&#8221;{}&#8221; background_blend=&#8221;difference&#8221; title_text=&#8221;dvm_s2_outdoor_city3&#8243; background_vertical_offset=&#8221;60%&#8221; sticky_enabled=&#8221;0&#8243;][et_pb_row _builder_version=&#8221;4.27.4&#8243; _module_preset=&#8221;default&#8221; hover_enabled=&#8221;0&#8243; global_colors_info=&#8221;{}&#8221; sticky_enabled=&#8221;0&#8243;][et_pb_column type=&#8221;4_4&#8243; _builder_version=&#8221;4.16&#8243; _module_preset=&#8221;default&#8221; global_colors_info=&#8221;{}&#8221;][et_pb_text _builder_version=&#8221;4.27.4&#8243; _module_preset=&#8221;default&#8221; header_font=&#8221;|600|||||||&#8221; header_text_align=&#8221;center&#8221; header_text_color=&#8221;#FFFFFF&#8221; header_font_size=&#8221;51px&#8221; header_2_font=&#8221;DM Sans|700|||||||&#8221; header_2_text_align=&#8221;center&#8221; header_2_text_color=&#8221;#FFFFFF&#8221; header_2_font_size=&#8221;36px&#8221; global_colors_info=&#8221;{}&#8221;]<\/p>\n<h1 class=\"separator_off\">Realizacje<\/h1>\n<p>[\/et_pb_text][\/et_pb_column][\/et_pb_row][\/et_pb_section][et_pb_section fb_built=&#8221;1&#8243; _builder_version=&#8221;4.27.4&#8243; _module_preset=&#8221;default&#8221; background_color=&#8221;gcid-90c737c5-d684-4f08-b343-8acd27afbe50&#8243; background_enable_image=&#8221;off&#8221; background_size=&#8221;initial&#8221; collapsed=&#8221;on&#8221; global_colors_info=&#8221;{%22gcid-90c737c5-d684-4f08-b343-8acd27afbe50%22:%91%22background_color%22%93}&#8221;][et_pb_row _builder_version=&#8221;4.16&#8243; _module_preset=&#8221;default&#8221; global_colors_info=&#8221;{}&#8221;][et_pb_column type=&#8221;4_4&#8243; _builder_version=&#8221;4.16&#8243; _module_preset=&#8221;default&#8221; global_colors_info=&#8221;{}&#8221;][et_pb_text _builder_version=&#8221;4.27.4&#8243; text_font=&#8221;||||||||&#8221; text_font_size=&#8221;18px&#8221; text_line_height=&#8221;2em&#8221; header_font=&#8221;||||||||&#8221; header_2_font=&#8221;DM Sans|700|||||||&#8221; header_2_text_align=&#8221;center&#8221; header_2_text_color=&#8221;gcid-891d5f33-7753-4e2a-b876-0ebadfc1712d&#8221; header_2_font_size=&#8221;34px&#8221; header_2_line_height=&#8221;1.2em&#8221; module_alignment=&#8221;center&#8221; text_font_size_tablet=&#8221;&#8221; text_font_size_phone=&#8221;16px&#8221; text_font_size_last_edited=&#8221;on|desktop&#8221; header_2_font_size_tablet=&#8221;&#8221; header_2_font_size_phone=&#8221;32px&#8221; header_2_font_size_last_edited=&#8221;on|desktop&#8221; locked=&#8221;off&#8221; global_colors_info=&#8221;{%22gcid-891d5f33-7753-4e2a-b876-0ebadfc1712d%22:%91%22header_2_text_color%22%93}&#8221;]<\/p>\n<h2>Zobacz nasze przyk\u0142adowe realizacje<\/h2>\n<p>[\/et_pb_text][et_pb_divider color=&#8221;gcid-e1cdb650-af2f-4e28-a4c3-482f0a579a4a&#8221; divider_weight=&#8221;2px&#8221; _builder_version=&#8221;4.16&#8243; _module_preset=&#8221;default&#8221; width=&#8221;10%&#8221; module_alignment=&#8221;center&#8221; global_colors_info=&#8221;{%22gcid-e1cdb650-af2f-4e28-a4c3-482f0a579a4a%22:%91%22color%22%93}&#8221;][\/et_pb_divider][et_pb_text _builder_version=&#8221;4.27.4&#8243; _module_preset=&#8221;default&#8221; text_font=&#8221;DM Sans|500|||||||&#8221; text_text_color=&#8221;gcid-dc226737-09e1-445d-b5ad-b08ceb859713&#8243; text_font_size=&#8221;18px&#8221; text_line_height=&#8221;2em&#8221; text_orientation=&#8221;center&#8221; width_tablet=&#8221;74%&#8221; width_phone=&#8221;&#8221; width_last_edited=&#8221;on|tablet&#8221; module_alignment_tablet=&#8221;center&#8221; module_alignment_phone=&#8221;&#8221; module_alignment_last_edited=&#8221;on|tablet&#8221; locked=&#8221;off&#8221; global_colors_info=&#8221;{%22gcid-dc226737-09e1-445d-b5ad-b08ceb859713%22:%91%22text_text_color%22%93}&#8221;]<\/p>\n<p>Jeste\u015bmy dumni z naszych dotychczasowych realizacji. W\u015br\u00f3d nich znajduj\u0105 si\u0119 presti\u017cowe obiekty, takie jak:<\/p>\n<p>[\/et_pb_text][\/et_pb_column][\/et_pb_row][\/et_pb_section][et_pb_section fb_built=&#8221;1&#8243; _builder_version=&#8221;4.16&#8243; _module_preset=&#8221;default&#8221; background_enable_color=&#8221;off&#8221; use_background_color_gradient=&#8221;on&#8221; background_color_gradient_stops=&#8221;gcid-90c737c5-d684-4f08-b343-8acd27afbe50 35%|rgba(239,235,220,0) 35%&#8221; background_color_gradient_start=&#8221;gcid-90c737c5-d684-4f08-b343-8acd27afbe50&#8243; background_color_gradient_start_position=&#8221;35%&#8221; background_color_gradient_end=&#8221;rgba(239,235,220,0)&#8221; background_color_gradient_end_position=&#8221;35%&#8221; custom_padding=&#8221;0px||||false|false&#8221; collapsed=&#8221;on&#8221; global_colors_info=&#8221;{%22gcid-90c737c5-d684-4f08-b343-8acd27afbe50%22:%91%22colorStart%22%93}&#8221;][et_pb_row column_structure=&#8221;1_3,1_3,1_3&#8243; _builder_version=&#8221;4.16&#8243; _module_preset=&#8221;default&#8221; width=&#8221;100%&#8221; max_width_tablet=&#8221;48%&#8221; max_width_phone=&#8221;90%&#8221; max_width_last_edited=&#8221;on|tablet&#8221; global_colors_info=&#8221;{}&#8221;][et_pb_column type=&#8221;1_3&#8243; _builder_version=&#8221;4.16&#8243; _module_preset=&#8221;default&#8221; background_color=&#8221;#FFFFFF&#8221; custom_padding=&#8221;10px|10px|10px|10px|true|true&#8221; border_radii=&#8221;on|5px|5px|5px|5px&#8221; box_shadow_style=&#8221;preset1&#8243; box_shadow_spread=&#8221;-7px&#8221; global_colors_info=&#8221;{}&#8221;][et_pb_image src=&#8221;http:\/\/energia.com.pl\/wp-content\/uploads\/2025\/03\/zamek-topacz-640.png&#8221; title_text=&#8221;zamek-topacz-640&#8243; align=&#8221;center&#8221; _builder_version=&#8221;4.27.4&#8243; _module_preset=&#8221;default&#8221; border_radii=&#8221;on|5px|5px|5px|5px&#8221; global_colors_info=&#8221;{}&#8221;][\/et_pb_image][et_pb_team_member name=&#8221;Hotel Zamek Topacz&#8221; position=&#8221;ul. Templariuszy 1, \u015al\u0119za&#8221; facebook_url=&#8221;#&#8221; twitter_url=&#8221;$&#8221; linkedin_url=&#8221;#&#8221; icon_color=&#8221;gcid-2b4b8a70-fc2c-4a32-aca1-ae89d5ff1f6f&#8221; _builder_version=&#8221;4.27.4&#8243; _module_preset=&#8221;default&#8221; header_font=&#8221;DM Sans|700|||||||&#8221; header_text_color=&#8221;gcid-dc226737-09e1-445d-b5ad-b08ceb859713&#8243; header_font_size=&#8221;22px&#8221; body_font=&#8221;DM Sans||||||||&#8221; body_text_color=&#8221;gcid-6501bd55-a36a-4d0f-9da3-6495713c2a19&#8243; body_font_size=&#8221;16px&#8221; position_font=&#8221;DM Sans||||||||&#8221; position_font_size=&#8221;16px&#8221; background_color=&#8221;#FFFFFF&#8221; text_orientation=&#8221;center&#8221; background_layout=&#8221;dark&#8221; custom_margin=&#8221;||||false|false&#8221; custom_padding=&#8221;||30px||false|false&#8221; header_font_size_tablet=&#8221;25px&#8221; header_font_size_phone=&#8221;22px&#8221; header_font_size_last_edited=&#8221;on|phone&#8221; position_font_size_tablet=&#8221;15px&#8221; position_font_size_phone=&#8221;&#8221; position_font_size_last_edited=&#8221;on|phone&#8221; border_color_all=&#8221;#d4d4d4&#8243; global_colors_info=&#8221;{%22gcid-6501bd55-a36a-4d0f-9da3-6495713c2a19%22:%91%22body_text_color%22%93,%22gcid-dc226737-09e1-445d-b5ad-b08ceb859713%22:%91%22header_text_color%22%93,%22gcid-2b4b8a70-fc2c-4a32-aca1-ae89d5ff1f6f%22:%91%22icon_color%22%93,%22gcid-e1cdb650-af2f-4e28-a4c3-482f0a579a4a%22:%91%22icon_color__hover%22%93}&#8221; icon_color__hover_enabled=&#8221;on|desktop&#8221; icon_color__hover=&#8221;#f9b806&#8243;]<\/p>\n<p>&nbsp;<\/p>\n<p>Kompleksowa instalacja system\u00f3w klimatyzacyjnych i wentylacyjnych.<\/p>\n<p>[\/et_pb_team_member][\/et_pb_column][et_pb_column type=&#8221;1_3&#8243; _builder_version=&#8221;4.16&#8243; _module_preset=&#8221;default&#8221; background_color=&#8221;#FFFFFF&#8221; custom_padding=&#8221;10px|10px|10px|10px|true|true&#8221; border_radii=&#8221;on|5px|5px|5px|5px&#8221; box_shadow_style=&#8221;preset1&#8243; box_shadow_spread=&#8221;-7px&#8221; global_colors_info=&#8221;{}&#8221;][et_pb_image src=&#8221;http:\/\/energia.com.pl\/wp-content\/uploads\/2025\/03\/muzeum-leba-640.png&#8221; title_text=&#8221;muzeum-leba-640&#8243; align=&#8221;center&#8221; _builder_version=&#8221;4.27.4&#8243; _module_preset=&#8221;default&#8221; border_radii=&#8221;on|5px|5px|5px|5px&#8221; global_colors_info=&#8221;{}&#8221;][\/et_pb_image][et_pb_team_member name=&#8221;Muzeum Archeologii Podwodnej i Rybo\u0142\u00f3wstwa Ba\u0142tyckiego&#8221; position=&#8221;\u0141eba&#8221; facebook_url=&#8221;#&#8221; twitter_url=&#8221;#&#8221; linkedin_url=&#8221;#&#8221; icon_color=&#8221;#939393&#8243; _builder_version=&#8221;4.27.4&#8243; _module_preset=&#8221;default&#8221; header_font=&#8221;DM Sans|700|||||||&#8221; header_text_color=&#8221;gcid-dc226737-09e1-445d-b5ad-b08ceb859713&#8243; header_font_size=&#8221;22px&#8221; body_font=&#8221;DM Sans||||||||&#8221; body_text_color=&#8221;gcid-6501bd55-a36a-4d0f-9da3-6495713c2a19&#8243; body_font_size=&#8221;16px&#8221; position_font=&#8221;DM Sans||||||||&#8221; position_font_size=&#8221;16px&#8221; background_color=&#8221;#FFFFFF&#8221; text_orientation=&#8221;center&#8221; background_layout=&#8221;dark&#8221; custom_margin=&#8221;||||false|false&#8221; custom_padding=&#8221;||30px||false|false&#8221; header_font_size_tablet=&#8221;25px&#8221; header_font_size_phone=&#8221;22px&#8221; header_font_size_last_edited=&#8221;on|phone&#8221; position_font_size_tablet=&#8221;15px&#8221; position_font_size_phone=&#8221;&#8221; position_font_size_last_edited=&#8221;on|phone&#8221; border_color_all=&#8221;#d4d4d4&#8243; global_colors_info=&#8221;{%22gcid-6501bd55-a36a-4d0f-9da3-6495713c2a19%22:%91%22body_text_color%22%93,%22gcid-dc226737-09e1-445d-b5ad-b08ceb859713%22:%91%22header_text_color%22%93}&#8221; icon_color__hover=&#8221;#f9b806&#8243; icon_color__hover_enabled=&#8221;on|desktop&#8221;]<\/p>\n<p>&nbsp;<\/p>\n<p>Zaawansowane rozwi\u0105zania wentylacyjne i klimatyzacyjne dostosowane do potrzeb obiektu muzealnego.<\/p>\n<p>[\/et_pb_team_member][\/et_pb_column][et_pb_column type=&#8221;1_3&#8243; _builder_version=&#8221;4.16&#8243; _module_preset=&#8221;default&#8221; background_color=&#8221;#FFFFFF&#8221; custom_padding=&#8221;10px|10px|10px|10px|true|true&#8221; border_radii=&#8221;on|5px|5px|5px|5px&#8221; box_shadow_style=&#8221;preset1&#8243; box_shadow_spread=&#8221;-7px&#8221; global_colors_info=&#8221;{}&#8221;][et_pb_image src=&#8221;http:\/\/energia.com.pl\/wp-content\/uploads\/2025\/03\/tvp-640.png&#8221; title_text=&#8221;tvp-640&#8243; align=&#8221;center&#8221; _builder_version=&#8221;4.27.4&#8243; _module_preset=&#8221;default&#8221; border_radii=&#8221;on|5px|5px|5px|5px&#8221; global_colors_info=&#8221;{}&#8221;][\/et_pb_image][et_pb_team_member name=&#8221;TVP 3&#8243; position=&#8221;Bydgoszcz&#8221; facebook_url=&#8221;#&#8221; twitter_url=&#8221;#&#8221; linkedin_url=&#8221;#&#8221; icon_color=&#8221;#939393&#8243; _builder_version=&#8221;4.27.4&#8243; _module_preset=&#8221;default&#8221; header_font=&#8221;DM Sans|700|||||||&#8221; header_text_color=&#8221;gcid-dc226737-09e1-445d-b5ad-b08ceb859713&#8243; header_font_size=&#8221;22px&#8221; body_font=&#8221;DM Sans||||||||&#8221; body_text_color=&#8221;gcid-6501bd55-a36a-4d0f-9da3-6495713c2a19&#8243; body_font_size=&#8221;16px&#8221; position_font=&#8221;DM Sans||||||||&#8221; position_font_size=&#8221;16px&#8221; background_color=&#8221;#FFFFFF&#8221; text_orientation=&#8221;center&#8221; background_layout=&#8221;dark&#8221; custom_margin=&#8221;||||false|false&#8221; custom_padding=&#8221;||30px||false|false&#8221; header_font_size_tablet=&#8221;25px&#8221; header_font_size_phone=&#8221;22px&#8221; header_font_size_last_edited=&#8221;on|phone&#8221; position_font_size_tablet=&#8221;15px&#8221; position_font_size_phone=&#8221;&#8221; position_font_size_last_edited=&#8221;on|phone&#8221; border_color_all=&#8221;#d4d4d4&#8243; global_colors_info=&#8221;{%22gcid-6501bd55-a36a-4d0f-9da3-6495713c2a19%22:%91%22body_text_color%22%93,%22gcid-dc226737-09e1-445d-b5ad-b08ceb859713%22:%91%22header_text_color%22%93}&#8221; icon_color__hover=&#8221;#f9b806&#8243; icon_color__hover_enabled=&#8221;on|desktop&#8221;]<\/p>\n<p>&nbsp;<\/p>\n<p>Wdro\u017cenie system\u00f3w klimatyzacji i wentylacji zapewniaj\u0105cych komfortowe warunki pracy dla zespo\u0142u telewizyjnego.<\/p>\n<p>[\/et_pb_team_member][\/et_pb_column][\/et_pb_row][\/et_pb_section][et_pb_section fb_built=&#8221;1&#8243; _builder_version=&#8221;4.27.4&#8243; _module_preset=&#8221;default&#8221; use_background_color_gradient=&#8221;on&#8221; background_color_gradient_stops=&#8221;rgba(0,0,0,0.5) 0%|rgba(0,0,0,0.3) 100%&#8221; background_color_gradient_overlays_image=&#8221;on&#8221; background_color_gradient_start=&#8221;rgba(0,0,0,0.5)&#8221; background_color_gradient_end=&#8221;rgba(0,0,0,0.3)&#8221; background_image=&#8221;http:\/\/energia.com.pl\/wp-content\/uploads\/2025\/03\/StockSnap_3ZOZQPMMLZ-min-scaled-1.jpg&#8221; custom_padding=&#8221;100px||50px||false|false&#8221; locked=&#8221;off&#8221; collapsed=&#8221;on&#8221; global_colors_info=&#8221;{}&#8221;][et_pb_row _builder_version=&#8221;4.16&#8243; _module_preset=&#8221;default&#8221; global_colors_info=&#8221;{}&#8221;][et_pb_column type=&#8221;4_4&#8243; _builder_version=&#8221;4.16&#8243; _module_preset=&#8221;default&#8221; global_colors_info=&#8221;{}&#8221;][et_pb_text _builder_version=&#8221;4.27.4&#8243; _module_preset=&#8221;default&#8221; header_2_font=&#8221;DM Sans|700|||||||&#8221; header_2_text_align=&#8221;center&#8221; header_2_text_color=&#8221;#FFFFFF&#8221; header_2_font_size=&#8221;34px&#8221; header_2_line_height=&#8221;1.2em&#8221; global_colors_info=&#8221;{}&#8221;]<\/p>\n<h2>Bazujemy na sprawdzonych i cenionych markach urz\u0105dze\u0144, gwarantuj\u0105cych niezawodno\u015b\u0107 i trwa\u0142o\u015b\u0107. <\/h2>\n<p>[\/et_pb_text][et_pb_button button_text=&#8221;Zadaj pytanie&#8221; button_alignment=&#8221;center&#8221; _builder_version=&#8221;4.27.4&#8243; _module_preset=&#8221;default&#8221; custom_button=&#8221;on&#8221; button_text_size=&#8221;18px&#8221; button_text_color=&#8221;#FFFFFF&#8221; button_bg_color=&#8221;gcid-e1cdb650-af2f-4e28-a4c3-482f0a579a4a&#8221; button_border_width=&#8221;0px&#8221; button_border_radius=&#8221;5px&#8221; button_letter_spacing=&#8221;-1px&#8221; button_font=&#8221;Poppins|500|||||||&#8221; button_use_icon=&#8221;off&#8221; custom_margin=&#8221;||||false|false&#8221; custom_margin_tablet=&#8221;&#8221; custom_margin_phone=&#8221;&#8221; custom_margin_last_edited=&#8221;on|desktop&#8221; custom_padding=&#8221;15px|45px|15px|45px|true|true&#8221; animation_style=&#8221;slide&#8221; animation_direction=&#8221;bottom&#8221; animation_intensity_slide=&#8221;10%&#8221; hover_enabled=&#8221;0&#8243; locked=&#8221;off&#8221; global_colors_info=&#8221;{%22gcid-e1cdb650-af2f-4e28-a4c3-482f0a579a4a%22:%91%22button_bg_color%22%93}&#8221; button_url=&#8221;@ET-DC@eyJkeW5hbWljIjp0cnVlLCJjb250ZW50IjoicG9zdF9saW5rX3VybF9wYWdlIiwic2V0dGluZ3MiOnsicG9zdF9pZCI6IjIyNiJ9fQ==@&#8221; _dynamic_attributes=&#8221;button_url&#8221; sticky_enabled=&#8221;0&#8243;][\/et_pb_button][\/et_pb_column][\/et_pb_row][et_pb_row column_structure=&#8221;1_6,1_6,1_6,1_6,1_6,1_6&#8243; custom_padding_last_edited=&#8221;on|tablet&#8221; _builder_version=&#8221;4.27.4&#8243; _module_preset=&#8221;default&#8221; width=&#8221;100%&#8221; max_width=&#8221;100%&#8221; custom_padding=&#8221;|450px||450px|false|true&#8221; custom_padding_tablet=&#8221;|50px||50px|false|true&#8221; custom_padding_phone=&#8221;&#8221; border_width_top=&#8221;1px&#8221; border_color_top=&#8221;#FFFFFF&#8221; border_width_bottom=&#8221;1px&#8221; border_color_bottom=&#8221;#FFFFFF&#8221; global_colors_info=&#8221;{}&#8221;][et_pb_column type=&#8221;1_6&#8243; _builder_version=&#8221;4.27.4&#8243; _module_preset=&#8221;default&#8221; global_colors_info=&#8221;{}&#8221;][et_pb_image src=&#8221;http:\/\/energia.com.pl\/wp-content\/uploads\/2025\/03\/Samsung_Orig_Wordmark_BLUE_RGB-1.png&#8221; title_text=&#8221;Samsung_Orig_Wordmark_BLUE_RGB&#8221; align=&#8221;center&#8221; _builder_version=&#8221;4.27.4&#8243; _module_preset=&#8221;default&#8221; width=&#8221;100%&#8221; global_colors_info=&#8221;{}&#8221;][\/et_pb_image][\/et_pb_column][et_pb_column type=&#8221;1_6&#8243; _builder_version=&#8221;4.27.4&#8243; _module_preset=&#8221;default&#8221; global_colors_info=&#8221;{}&#8221;][et_pb_image src=&#8221;http:\/\/energia.com.pl\/wp-content\/uploads\/2025\/03\/electrolux.png&#8221; title_text=&#8221;electrolux&#8221; align=&#8221;center&#8221; _builder_version=&#8221;4.27.4&#8243; _module_preset=&#8221;default&#8221; width=&#8221;100%&#8221; global_colors_info=&#8221;{}&#8221;][\/et_pb_image][\/et_pb_column][et_pb_column type=&#8221;1_6&#8243; _builder_version=&#8221;4.27.4&#8243; _module_preset=&#8221;default&#8221; global_colors_info=&#8221;{}&#8221;][et_pb_image src=&#8221;http:\/\/energia.com.pl\/wp-content\/uploads\/2025\/03\/harmann_f2.png&#8221; title_text=&#8221;harmann_f2&#8243; align=&#8221;center&#8221; _builder_version=&#8221;4.27.4&#8243; _module_preset=&#8221;default&#8221; width=&#8221;100%&#8221; global_colors_info=&#8221;{}&#8221;][\/et_pb_image][\/et_pb_column][et_pb_column type=&#8221;1_6&#8243; _builder_version=&#8221;4.27.4&#8243; _module_preset=&#8221;default&#8221; global_colors_info=&#8221;{}&#8221;][et_pb_image src=&#8221;http:\/\/energia.com.pl\/wp-content\/uploads\/2025\/03\/rosenberg.png&#8221; title_text=&#8221;rosenberg&#8221; align=&#8221;center&#8221; _builder_version=&#8221;4.27.4&#8243; _module_preset=&#8221;default&#8221; width=&#8221;100%&#8221; global_colors_info=&#8221;{}&#8221;][\/et_pb_image][\/et_pb_column][et_pb_column type=&#8221;1_6&#8243; _builder_version=&#8221;4.27.4&#8243; _module_preset=&#8221;default&#8221; global_colors_info=&#8221;{}&#8221;][et_pb_image src=&#8221;http:\/\/energia.com.pl\/wp-content\/uploads\/2025\/03\/Logo_VBW_Engineering3.png&#8221; title_text=&#8221;Logo_VBW_Engineering3&#8243; align=&#8221;center&#8221; _builder_version=&#8221;4.27.4&#8243; _module_preset=&#8221;default&#8221; width=&#8221;100%&#8221; global_colors_info=&#8221;{}&#8221;][\/et_pb_image][\/et_pb_column][et_pb_column type=&#8221;1_6&#8243; _builder_version=&#8221;4.27.4&#8243; _module_preset=&#8221;default&#8221; global_colors_info=&#8221;{}&#8221;][et_pb_image src=&#8221;http:\/\/energia.com.pl\/wp-content\/uploads\/2025\/03\/vts_tra2.png&#8221; title_text=&#8221;vts_tra2&#8243; align=&#8221;center&#8221; _builder_version=&#8221;4.27.4&#8243; _module_preset=&#8221;default&#8221; width=&#8221;100%&#8221; global_colors_info=&#8221;{}&#8221;][\/et_pb_image][\/et_pb_column][\/et_pb_row][\/et_pb_section]<\/p>\n","protected":false},"excerpt":{"rendered":"<p>RealizacjeZobacz nasze przyk\u0142adowe realizacjeJeste\u015bmy dumni z naszych dotychczasowych realizacji. W\u015br\u00f3d nich znajduj\u0105 si\u0119 presti\u017cowe obiekty, takie jak:&nbsp; Kompleksowa instalacja system\u00f3w klimatyzacyjnych i wentylacyjnych.&nbsp; Zaawansowane rozwi\u0105zania wentylacyjne i klimatyzacyjne dostosowane do potrzeb obiektu muzealnego.&nbsp; Wdro\u017cenie system\u00f3w klimatyzacji i wentylacji zapewniaj\u0105cych komfortowe warunki pracy dla zespo\u0142u telewizyjnego.Bazujemy na sprawdzonych i cenionych markach urz\u0105dze\u0144, gwarantuj\u0105cych niezawodno\u015b\u0107 i trwa\u0142o\u015b\u0107.<\/p>\n","protected":false},"author":1,"featured_media":0,"parent":0,"menu_order":0,"comment_status":"closed","ping_status":"closed","template":"","meta":{"_et_pb_use_builder":"on","_et_pb_old_content":"","_et_gb_content_width":"","footnotes":""},"class_list":["post-261","page","type-page","status-publish","hentry"],"yoast_head":"<!-- This site is optimized with the Yoast SEO plugin v24.6 - https:\/\/yoast.com\/wordpress\/plugins\/seo\/ -->\n<title>Realizacje - Energia Sp. z o.o.<\/title>\n<meta name=\"robots\" content=\"index, follow, max-snippet:-1, max-image-preview:large, max-video-preview:-1\" \/>\n<link rel=\"canonical\" href=\"http:\/\/energia.com.pl\/?page_id=261\" \/>\n<meta property=\"og:locale\" content=\"pl_PL\" \/>\n<meta property=\"og:type\" content=\"article\" \/>\n<meta property=\"og:title\" content=\"Realizacje - Energia Sp. z o.o.\" \/>\n<meta property=\"og:description\" content=\"RealizacjeZobacz nasze przyk\u0142adowe realizacjeJeste\u015bmy dumni z naszych dotychczasowych realizacji. W\u015br\u00f3d nich znajduj\u0105 si\u0119 presti\u017cowe obiekty, takie jak:&nbsp; Kompleksowa instalacja system\u00f3w klimatyzacyjnych i wentylacyjnych.&nbsp; Zaawansowane rozwi\u0105zania wentylacyjne i klimatyzacyjne dostosowane do potrzeb obiektu muzealnego.&nbsp; Wdro\u017cenie system\u00f3w klimatyzacji i wentylacji zapewniaj\u0105cych komfortowe warunki pracy dla zespo\u0142u telewizyjnego.Bazujemy na sprawdzonych i cenionych markach urz\u0105dze\u0144, gwarantuj\u0105cych niezawodno\u015b\u0107 i trwa\u0142o\u015b\u0107.\" \/>\n<meta property=\"og:url\" content=\"http:\/\/energia.com.pl\/?page_id=261\" \/>\n<meta property=\"og:site_name\" content=\"Energia Sp. z o.o.\" \/>\n<meta property=\"article:modified_time\" content=\"2025-04-14T22:20:53+00:00\" \/>\n<meta name=\"twitter:card\" content=\"summary_large_image\" \/>\n<script type=\"application\/ld+json\" class=\"yoast-schema-graph\">{\"@context\":\"https:\/\/schema.org\",\"@graph\":[{\"@type\":\"WebPage\",\"@id\":\"http:\/\/energia.com.pl\/?page_id=261\",\"url\":\"http:\/\/energia.com.pl\/?page_id=261\",\"name\":\"Realizacje - Energia Sp. z o.o.\",\"isPartOf\":{\"@id\":\"http:\/\/energia.com.pl\/#website\"},\"datePublished\":\"2025-04-11T04:14:46+00:00\",\"dateModified\":\"2025-04-14T22:20:53+00:00\",\"breadcrumb\":{\"@id\":\"http:\/\/energia.com.pl\/?page_id=261#breadcrumb\"},\"inLanguage\":\"pl-PL\",\"potentialAction\":[{\"@type\":\"ReadAction\",\"target\":[\"http:\/\/energia.com.pl\/?page_id=261\"]}]},{\"@type\":\"BreadcrumbList\",\"@id\":\"http:\/\/energia.com.pl\/?page_id=261#breadcrumb\",\"itemListElement\":[{\"@type\":\"ListItem\",\"position\":1,\"name\":\"Home\",\"item\":\"http:\/\/energia.com.pl\/\"},{\"@type\":\"ListItem\",\"position\":2,\"name\":\"Realizacje\"}]},{\"@type\":\"WebSite\",\"@id\":\"http:\/\/energia.com.pl\/#website\",\"url\":\"http:\/\/energia.com.pl\/\",\"name\":\"Energia Sp. z o.o.\",\"description\":\"Wentylacja Klimatyzacja\",\"potentialAction\":[{\"@type\":\"SearchAction\",\"target\":{\"@type\":\"EntryPoint\",\"urlTemplate\":\"http:\/\/energia.com.pl\/?s={search_term_string}\"},\"query-input\":{\"@type\":\"PropertyValueSpecification\",\"valueRequired\":true,\"valueName\":\"search_term_string\"}}],\"inLanguage\":\"pl-PL\"}]}<\/script>\n<!-- \/ Yoast SEO plugin. -->","yoast_head_json":{"title":"Realizacje - Energia Sp. z o.o.","robots":{"index":"index","follow":"follow","max-snippet":"max-snippet:-1","max-image-preview":"max-image-preview:large","max-video-preview":"max-video-preview:-1"},"canonical":"http:\/\/energia.com.pl\/?page_id=261","og_locale":"pl_PL","og_type":"article","og_title":"Realizacje - Energia Sp. z o.o.","og_description":"RealizacjeZobacz nasze przyk\u0142adowe realizacjeJeste\u015bmy dumni z naszych dotychczasowych realizacji. W\u015br\u00f3d nich znajduj\u0105 si\u0119 presti\u017cowe obiekty, takie jak:&nbsp; Kompleksowa instalacja system\u00f3w klimatyzacyjnych i wentylacyjnych.&nbsp; Zaawansowane rozwi\u0105zania wentylacyjne i klimatyzacyjne dostosowane do potrzeb obiektu muzealnego.&nbsp; Wdro\u017cenie system\u00f3w klimatyzacji i wentylacji zapewniaj\u0105cych komfortowe warunki pracy dla zespo\u0142u telewizyjnego.Bazujemy na sprawdzonych i cenionych markach urz\u0105dze\u0144, gwarantuj\u0105cych niezawodno\u015b\u0107 i trwa\u0142o\u015b\u0107.","og_url":"http:\/\/energia.com.pl\/?page_id=261","og_site_name":"Energia Sp. z o.o.","article_modified_time":"2025-04-14T22:20:53+00:00","twitter_card":"summary_large_image","schema":{"@context":"https:\/\/schema.org","@graph":[{"@type":"WebPage","@id":"http:\/\/energia.com.pl\/?page_id=261","url":"http:\/\/energia.com.pl\/?page_id=261","name":"Realizacje - Energia Sp. z o.o.","isPartOf":{"@id":"http:\/\/energia.com.pl\/#website"},"datePublished":"2025-04-11T04:14:46+00:00","dateModified":"2025-04-14T22:20:53+00:00","breadcrumb":{"@id":"http:\/\/energia.com.pl\/?page_id=261#breadcrumb"},"inLanguage":"pl-PL","potentialAction":[{"@type":"ReadAction","target":["http:\/\/energia.com.pl\/?page_id=261"]}]},{"@type":"BreadcrumbList","@id":"http:\/\/energia.com.pl\/?page_id=261#breadcrumb","itemListElement":[{"@type":"ListItem","position":1,"name":"Home","item":"http:\/\/energia.com.pl\/"},{"@type":"ListItem","position":2,"name":"Realizacje"}]},{"@type":"WebSite","@id":"http:\/\/energia.com.pl\/#website","url":"http:\/\/energia.com.pl\/","name":"Energia Sp. z o.o.","description":"Wentylacja Klimatyzacja","potentialAction":[{"@type":"SearchAction","target":{"@type":"EntryPoint","urlTemplate":"http:\/\/energia.com.pl\/?s={search_term_string}"},"query-input":{"@type":"PropertyValueSpecification","valueRequired":true,"valueName":"search_term_string"}}],"inLanguage":"pl-PL"}]}},"_links":{"self":[{"href":"http:\/\/energia.com.pl\/index.php?rest_route=\/wp\/v2\/pages\/261","targetHints":{"allow":["GET"]}}],"collection":[{"href":"http:\/\/energia.com.pl\/index.php?rest_route=\/wp\/v2\/pages"}],"about":[{"href":"http:\/\/energia.com.pl\/index.php?rest_route=\/wp\/v2\/types\/page"}],"author":[{"embeddable":true,"href":"http:\/\/energia.com.pl\/index.php?rest_route=\/wp\/v2\/users\/1"}],"replies":[{"embeddable":true,"href":"http:\/\/energia.com.pl\/index.php?rest_route=%2Fwp%2Fv2%2Fcomments&post=261"}],"version-history":[{"count":5,"href":"http:\/\/energia.com.pl\/index.php?rest_route=\/wp\/v2\/pages\/261\/revisions"}],"predecessor-version":[{"id":300,"href":"http:\/\/energia.com.pl\/index.php?rest_route=\/wp\/v2\/pages\/261\/revisions\/300"}],"wp:attachment":[{"href":"http:\/\/energia.com.pl\/index.php?rest_route=%2Fwp%2Fv2%2Fmedia&parent=261"}],"curies":[{"name":"wp","href":"https:\/\/api.w.org\/{rel}","templated":true}]}}